{"id":13,"date":"2011-05-21T11:01:28","date_gmt":"2011-05-21T11:01:28","guid":{"rendered":"http:\/\/www.mariacarbognin.com\/?page_id=13"},"modified":"2024-06-23T22:20:13","modified_gmt":"2024-06-23T20:20:13","slug":"storia","status":"publish","type":"page","link":"http:\/\/mariacarbognin.com\/es\/storia\/","title":{"rendered":"Historia"},"content":{"rendered":"<p><\/p>\n<p style=\"text-align: center;\"><a href=\"http:\/\/mariacarbognin.com\/wp-content\/uploads\/2011\/05\/storia.jpg\" rel=\"prettyPhoto\" title=\"\"><img loading=\"lazy\" class=\"aligncenter size-large wp-image-947\" src=\"http:\/\/mariacarbognin.com\/wp-content\/uploads\/2011\/05\/storia-590x1024.jpg\" alt=\"\" width=\"524\" height=\"909\" srcset=\"http:\/\/mariacarbognin.com\/wp-content\/uploads\/2011\/05\/storia-590x1024.jpg 590w, http:\/\/mariacarbognin.com\/wp-content\/uploads\/2011\/05\/storia-248x430.jpg 248w, http:\/\/mariacarbognin.com\/wp-content\/uploads\/2011\/05\/storia-524x910.jpg 524w, http:\/\/mariacarbognin.com\/wp-content\/uploads\/2011\/05\/storia.jpg 622w\" sizes=\"(max-width: 524px) 100vw, 524px\" \/><\/a>Maria Carbognin<\/p>\n<p>&nbsp;<\/p>\n<p>Calificaciones Profesionales: Bailarina, Showgirl, Core\u00f3grafa, Directora De Arte, Pilates, Hatha Yoga.<\/p>\n<p>Profesor de:\u00a0Maestra del jazz moderno, jazz televisivo y musicales.<\/p>\n<p>Profesor de: Pilates y Hatha Yoga, personal training, t\u00e9cnico danzas art\u00edsticas F.I.D.S. sector Federal\u00a0(C.O.N.I.).<\/p>\n<hr class=\"thin\"\/>\n<h3>1980\/1981<\/h3>\n<p><span class=\"highlight\">MARIA CARBOGNIN en arte MARY DE ROSE<\/span> , comenz\u00f3 su carrera art\u00edstica, asistiendo a la escuela de \"Danza Libera\" m\u00e9todo Sajarov con Manuela De Lorenzi y m\u00e1s tarde con Monica Pacchin, los bailarines de la compa\u00f1\u00eda \"GRUPPO SPERIMENTALE di DANZA LIBERA\" de la bailarina y core\u00f3grafa Franca Della Libera. Durante el verano continu\u00f3 sus estudios con el maestro Arnaldo Angelini (Teatro San Carlo de N\u00e1poles) y Jacques Beltrame director art\u00edstico de la \u00d3pera de Monte Carlo, por la danza clasica. Las primeras experiencia de palco escenico, Mar\u00eda las hizo junto con el cabaretista Enrico Beruschi..<\/p>\n<h3>1983\/1984<\/h3>\n<p>Todavia para la danza cl\u00e0sica estudia con Bryan Poer, primer bailerino de la compania de Carla Fracci. Para la danza moderna y contempor\u00e0nea es seguida da la Co-Directriz de MUDRA de M. Bejart a Bruxelles, Flora Cushman.<\/p>\n<p>Adem\u00e1s comenz\u00f3 a estudiar m\u00fasica, primero con la teor\u00eda y solfeo, bajo la direcci\u00f3n de los Profs. Sella Luigi, a seguir toma lecciones de piano con Paolo Birro uno de los pianistas de jazz m\u00e1s populares de Italia.<\/p>\n<h3>1985<\/h3>\n<p>Conoce el maestro de la \"jazz art\" Matt Mattox; contin\u00f9a a perfeccionar su t\u00e8cnica por muchos a\u00f1os.<\/p>\n<h3>1986<\/h3>\n<p>Maria se transfiere a Milano para ense\u00f1ar en varias escuelas de danza de la ciudad y pueblos cercanos. Se dedica a la coreografia. Cuida de la m\u00edmica y la improvisaci\u00f3n de la obra \"IL MONDO ALLA ROVESCIA\" para el TEATRO JUVENIL de Roberto D'Alessandro. Durante este a\u00f1o hizo su debuta como core\u00f3grafa con la actuaci\u00f3n de jazz y ballet \"DUAL FORCE &amp; THE MOVING FIVE\" en la firma de las letras y la direcci\u00f3n . El espect\u00e1culo tiene lugar en varios lugares en el norte de Italia. Conoce a Brian y Garrison comienza una colaboraci\u00f3n larga e interesante<\/p>\n<h3>1987<\/h3>\n<p>Crea una nueva coreograf\u00eda:\"KILLER JOE\" para el \"Premio Beato Angelico\" del Teatro Margherita de Genova.<\/p>\n<h3>1988<\/h3>\n<p>Conoce el trompetista Enrico Rava, con el que crear un video con la m\u00fasica y no solo; en colaboraci\u00f3n con el soprano Gigi Sella y dirigida por Walter Borsani (de Mediaset). Vuela a Nueva York para estudiar en las prestigioso\u00a0escuelas de danza de la \"Gran Manzana\": David Howard Center, Steps on Broadway, el Centro de Luigi Jazz. Continua el estudio con Brian y Garrison.<\/p>\n<h3>1990<\/h3>\n<p>Gana a Roma (RAI 2) el \"PONTE D'ORO\" por la coreograf\u00eda \"AMERIKA\": \"The Chichen\" es el t\u00edtulo de la m\u00fasica escrita por D. Liebman y sonada por J. Pastorius. Durante la misma tarde, tambi\u00e9n recibi\u00f3 el premio el trio: Marchesini, L\u00f3pez, Solenghi y la conductora Enrica Bonaccorti.<\/p>\n<h3>1991<\/h3>\n<p>Siempre en busca de nueva m\u00f9sica inicia a componer. Su primera coreograf\u00eca con m\u00f9sica original ser\u00e0 presentada en Milano en Marzo 1993, t\u00ectulado: \"28\/29 JUNE, NIGHT\". Otra pieza de composici\u00f2n de la coreograf\u00eca \"LOOKING IN MY SOUL\" sar\u00e0 grabado en un CD: \"COULD STREET\" con S. Gibellini con la guitara y G. Sella con el Sax soprano. Las experiencias positivas empujan Maria a componer nueva y siempre m\u00e0s originales m\u00f9sicas para sus coreografias. Sus composiciones de estilo jazz o fusion continuan a formar parte del repertorios de otros musicos.<\/p>\n<h3>1992<\/h3>\n<p>Es llamada da la escuela milanese \"SPID\", para organizar la coreograf\u00eca del musical: \"MY FAIR LADY\", por desgracia, nunca se subi\u00f3 al escenario. Es nombrada presidente de la RILEY ASS. CULTURALE y directora de los cursos de m\u00f9sica de la \"GIGI SELLA SCUOLA DI MUSICA\", es tambi\u00e8n profesora de teoria y sulfeo y piano, con lugar de trabajo en Vicenza.<\/p>\n<h3>1993<\/h3>\n<p>Se transfiere a Crema para ense\u00f1ar danza jazz en la \"SCUOLA DI DINAMICA CORPORALE\" y funda su compa\u00f1ia \"EIGHT SIX DANCE COMPANY\", que manteniendo el mismo estilo de la escuela precedente, realiza sus propias coreograf\u00ecas acompanada de la m\u00f9sica en vivo, m\u00f9sicos en escena. Trabajar\u00e0 en: Milano, Torino, Cremona y Vicenza.<\/p>\n<h3>1994\/1995<\/h3>\n<p>Maria dedica estos dos anos al estudio de la coreograf\u00eca y la m\u00f9sica. Continua a ense\u00f1ar en la escuela de Crema.<\/p>\n<p>Muchos de sus alumnos son ahora parte de las compa\u00f1\u00edas de danza m\u00e1s importantes, las cadenas de televisi\u00f3n como el Canal Nacional de la RAI 1 o CANAL 5, o se puede reconocer en las compa\u00f1\u00edas m\u00e1s prestigiosas de la Musical italiana.<\/p>\n<h3>1996<\/h3>\n<p>Es admitida a la final del concurso:\"COREOGRAFIE D'AUTORE\" de Castiglioncello (LI), con la pieza \"ROSSINIANA\" de G. Rossini.<\/p>\n<h3>1997<\/h3>\n<p>Produce \"FLASH BACK\" con la m\u00f9sica de Daniele di Gregorio (colaborador de P. Conte, Mina, Jovanotti y con Michele Centonze por el \"PAVAROTTI INTERNATIONAL\", en calidad de orquestrador para Celine Dion, Spice Girl, Stevie Wonder y muchos mas...), coreograf\u00eca inspirada en los a\u00f1os '60\/'70.<\/p>\n<p>Inicia una peque\u00f1a tournee (que continuar\u00e0 hasta todo el a\u00f1o '98) como cantante en los Piano Bar y Pub del Norte Italia, con un repertorio mixto de m\u00f9sica italiana y extranjera de los anos '60 hasta hoy. Daniele di Gregorio junto con el hermano Davide compone para Maria dos piezas en estilo dance. Con el texto de la misma salen \"IO FACCIO MUSICA\" y \"PROPRIETA' PRIVATA QUESTO AMORE\".<\/p>\n<h3>1998<\/h3>\n<p>Participa con la canci\u00f3n \u201cIO FACCIO MUSICA\u201d al concurso \u201cA VOICE FOR EUROPE\u201d presentandola y bailandola con su hija Naima de 8 a\u00f1os; clasificandose entre los 4 primeros puestos.<br \/>\nMas tarde grabar\u00e1 el videoclip de la misma canci\u00f3n, producido por el discogrfico Giuliano Selva en Caserta.<\/p>\n<h3>1999<\/h3>\n<p>Maria vuela a Londres para estudiar la dance-show con el maestro Homero. Regresa en Italia y escribe el texto para una nueva canci\u00f2n con la m\u00f9sica R. &amp; B. de Bobo Righi, con el t\u00ectulo \"IL GIORNO DI FESTA\"; con esta canci\u00f2n participa junto con su hija Naima de 9 a\u00f1os (la pieza es cantada y bailada) en el \"FESTIVAL DI VIAREGGIO\" conquistando el 4\u00b0 puesto. Realiza la coreograf\u00eca con \"DANZA DEI TAMBURI\" de la obra \"SHAVANII PURNIMA\" de Maurizio dell'Olio, una coreograf\u00eca particular de estilo lyric jazz e contempor\u00e0neo con la direccion de Lorena Salvi de RAI 3. Con el productor discogr\u00e0fico Giuliano Selva participa con la canci\u00f2n \"PROPRIETA' PRIVATA QUESTO AMORE\" cantada en dialecto veneto. En la tercera edici\u00f2n del \"FESTIVAL DELLA CANZONE DIALETTALE\" de Ospedaletti presentado por Daniele Piombi llegando en final.<\/p>\n<p>Este a\u00f1o es particularmente positivo y rico de grandes eventos para Maria. Es invitada con su compa\u00f1ia de danza al \"11\u00b0 FESTIVAL DEL FITNESS\", de Rimini. Por parte de los sponsor \"Impulse y Axe deodorant\", \"Mentadent\", \"Actigum\", \"Viaggi del Ventaglio\", \"Atlanta Sportshoses y Sportwear\". La invitan a formar parte de la prestigiosa juria para el \"CHAMPIONSHIP TOUR '99 FIT AND DANCE\", campeonato Nacional reservado a los gimnasios y escuelas de danza. En el mes de octubre es invitada con su compa\u00f1ia \"EIGHT SIX DANCE COMPANY\" como TESTIMONIAL FREEWAY al \"THE FREEWAY FITNESS SHOW\" en la fiera de Cremona.<\/p>\n<h3>2000<\/h3>\n<p>Con la casa discogr\u00e0fica \"MAMAS RECORDS\" sale su primera pieza \"IO FACCIO MUSICA\", una dance toda italiana en el CD \"BIG DEL DOMANI N\u00b0 12\", producido de JOE TINTI. La presentaci\u00f2n del CD se tiene en Montecatini Terme el 21\/4 en presencia de personajes famosos del panorama Italiano. Con el nombre de MARY DE ROSE, dado por el productor Joe Tinti, inicia el tour \"IO FACCIO MUSICA TOUR 2000\" como supporter de Annalisa Minetti (ganadora de \"SANREMO 1998 JOVENES\"). El tour es presentado en toda Italia, con la promoci\u00f2n en las radios y TV regionales. Durante este tour Maria recoge muchas sotisfacciones e importantes gratificaciones del publico italiano. En el mes de diciembre es hu\u00e8sped del \"FESTIVAL A' MARE\" en Forte dei Marmi. El Banco Nacional del Trabajo (BNL) ofrece a Maria la direccion artistica, la reg\u00eca y la coreograf\u00eca de la \" SERATA IN CASA TELETHON 2000 \" de la ciudad de Crema; acoplado a la transmisi\u00f3n de la RAI 1 de la televisi\u00f3n nacional.<\/p>\n<p>Dos de sus j\u00f3venes alumnos, Denny y Naima han pasado la prueba de admisi\u00f3n a la escuela de danza de la \"SCALA de Milan\" y el de Ballet Cl\u00e1sico \"L. COSI y M. Stefanescu \"en Reggio Emilia.<\/p>\n<h3>2001<\/h3>\n<p>Siempre con la etiqueta discografica graba su primer single \"MILLE LUNE\". Con la agencia \u201cMovie Star\u201d de Maria Grazia Testa, el tour 2001 inicia al final de junio con Tony Santagata. Trabaja con F. Salvi, Alessandro Greco de \"FURORE\" y otros, El B.N.L. satisfecho con el trabajo anterior confirma la direcci\u00f3n art\u00edstica de Mar\u00eda, con direcci\u00f3n y coreograf\u00eda de la nueva \"SERATA IN CASA\" Telet\u00f3n 2001\", siempre en combinaci\u00f3n con la transmisi\u00f3n de la RAI 1 de la televisi\u00f3n nacional. El pintor cremasco Wlady Sacchi, de renombre internacional llama a Mar\u00eda para hacer dos retratos de tama\u00f1o natural sobre lienzo. La pintura tambi\u00e9n cubrir\u00e1 la cobertina de la revista mensil Arte y Cultura \"ART &amp; CO\".<\/p>\n<h3>2002<\/h3>\n<p>Maria decide de tomarse una pausa de las giras. Contin\u00f9a a ense\u00f1ar a Crema y Lodi. Participa al \"INCONTRO DELLA DANZA\" di Fano presentando sus \u00f9ltimos trabajos coreograficos.<\/p>\n<p>Maria nunca ha dejado de estudiar para perfeccionar sus conocimientos art\u00ecsticos, continua a seguir seminarios en Italia y en el extranjero. Tambi\u00e8n participa a los seminarios de reg\u00eca, coreograf\u00eca y vestuano de la danza, para el teatro y la televisi\u00f2n con maestros como: Brian, Roberto Croce, Evelyn Hanack, Franco Miseria, Raffaele Paganini, Vittoria Ottolenghi, Adriana Borgonovo, Rosa Pol, Giuseppe Tramontano. Aunque sea en estos momentos solo es un hobby, Maria contin\u00f9a a tocar el bajo el\u00e8ctrico y el piano y a componer m\u00f9sica.<\/p>\n<h3>2003<\/h3>\n<p>A colaborado en la puesta en escena de un musical, como guionista, co-autora de los textos y las m\u00fasicas, core\u00f3grafa y director.<\/p>\n<p>En el mes de septiembre es llamada de la regi\u00f3n de Friuli Venezia Giulia, organizado por LED, como profesora de modales, elegancia y pose, el F.S.E. 2003 \"las t\u00e9cnicas de promoci\u00f3n de la imagen A\". El curso se lleva a cabo en la ciudad de Udine.<\/p>\n<p>Profesora de los cursos Funky-Jazz en el Centro de Fitness \" REATTIVO \" de Muzzana del Turgnano UD.<\/p>\n<h3>2004<\/h3>\n<p>Realiza para la \"CARAVAN\" Asociaci\u00f3n de Artes Culturales y espect\u00e1culos, el musical.<\/p>\n<p>\u201cLIKE A DREAM\u201d muestra de 14 actos basada en las m\u00fasicas de los dibujos animados m\u00e1s famosos de Walt Disney. Para este musical, adem\u00e1s de dirigir y coreografar, tambi\u00e9n escribi\u00f3 el gui\u00f3n y parte de la m\u00fasica.<\/p>\n<p>Siempre en el mismo a\u00f1o hace realidad uno de sus sue\u00f1os mediante la apertura de la nueva \" A.D.C . ACADEMIA DE DANZA CARBOGNIN \", para cubrir las muchas necesidades de la Friuli baja. En colaboraci\u00f3n con el \"CARAVAN Ass\u2026\" tiene como objetivo cultivar el amor por la danza y la m\u00fasica, y difundir el arte entre los ni\u00f1os como una cultura y un instrumento de elevaci\u00f3n.<\/p>\n<p>La m\u00fasica de Mar\u00eda va a Jap\u00f3n y la cojen en la Cruz Roja Japonesa, que con el producto de las ventas ayuda a las familias de las v\u00edctimas del ataque terrorista en Ossezia.<\/p>\n<p>La pieza lleva el t\u00edtulo CHILD que en la producci\u00f3n japonesa que se hace hincapi\u00e9 en:<\/p>\n<p>CHILD \u2013 SHARE TOUR HEART WITH A CHILD, con la m\u00fasica de Mar\u00eda Carbognin y el texto de Malcolm Lilley (con importantes colaboraciones art\u00edsticas con Sting, Duran Duran ... ..), que se ejecuta con la voz profunda y rica que distingue a darle prestigio . Child se encuentra en cd de la \"Chance meeting\" de los Bobo\u2019s Ranch.<\/p>\n<p>El 20 de noviembre de 2004, viene organizado en Osaka un evento especial en el que en forma oficial se presentada al p\u00fablico el proyecto CHILD - SHARE YOUR HEART WITH A CHILD. . A partir de diciembre es el m\u00e1s escuchado de la radio en japon\u00e9s.<\/p>\n<h3>2005<\/h3>\n<p>Mar\u00eda es el presidente de A.D.C. Academia de la Danza Carbognin, Asociaci\u00f3n Cultura para la Danza, las Artes y el espect\u00e0culo . Profesora y director de las clases de baile.<\/p>\n<h3>2007<\/h3>\n<p>Abre en Rivington la Academia de Arte en Movimiento en la cual es Director Art\u00edstico y titular, para convertirse en una de las escuelas de danza m\u00e1s importantes de Friuli Venezia Giulia. La inauguraci\u00f3n tuvo lugar el primer d\u00eda de septiembre de 2007, la anfitriona para al corte de la cinta fu\u00e8 la cantante de \u00f3pera Katia Ricciarelli. La academia ofrece cursos de danza, teatro, m\u00fasica y todos los cursos de fitness, artes marciales y tambi\u00e9n disciplinas orientales. Sigue organizando para A.D.C. y la nueva Academia espect\u00e1culos, encuentros, seminarios y tstage. En noviembre de ese a\u00f1o lleva a sus alumnos del curso mas avanzado a para bailar en el escenario de y con Ivana Spagna.<\/p>\n<h3>2008<\/h3>\n<p>Mar\u00eda fue contratada por el famoso cantante Gospel estadounidense Bob Singleton para la preparaci\u00f3n de algunas de las coreografias, para el FVGGOSPELFEST 2008 a Fagagna. Desde 2008 es profesora en el \u201cFunny Center\u201d de Feletto Umberto UD, donde adem\u00e1s de continuar su trabajo como profesora de danza y core\u00f3grafa, es el responsable del centro de danza. Sigue como entrenador atletico e personal training de los bailarines y los competidores de car\u00e1cter profesional y no (Est\u00e1ndar y Latinoamericano) de la Azzurra Danze . Sigue haciendo stage tanto en el Funny Center que en Italia. Desde hace algunos a\u00f1os, estudia y perfecciona con Giuseppe Orizzonte en las tecnicas de Pilates, con el apoyo del mismo investigan la anatom\u00eda del cuerpo humano y el masaje fascial.<\/p>\n<p>El juez, el campo T\u00e9cnico Federal de ballet cl\u00e1sico, moderno y coreograf\u00eda para el FIDS (federaci\u00f3n deportiva en el CONI de danza).<\/p>\n<h3>2009<\/h3>\n<p>A.S.A.S. es el nuevo proyecto de Mar\u00eda para la provincia de Udine, en Feletto Umberto UD. Academia superior de las Artes Esc\u00e9nicas. En la conferencia de prensa inaugural de septiembre asistono la etoile del ballet cl\u00e1sico LILIANA COSI.<\/p>\n<h3>2010<\/h3>\n<p>Durante el mes de julio ha curado el casting de \"Area 98\" (conocida compa\u00f1\u00eda internacional de gafas). Al registrarse en el mes de agosto, el spot publicitario como directora y core\u00f3grafa con la modelo Giulia Nicole Magro segunda en Miss Italia 2010.<\/p>\n<p>Nacen tres nuevas coreograf\u00edas que formar\u00e1n parte de su repertorio, tres estiles jazz, l\u00edric, swing: en solitario titulado \"The sensual Chair\u201d en la canci\u00f3n \"Make Me\" de Janet Jachson. Un pas de deux titulado \"Because, Mother Know best\", que narra la relaci\u00f3n entre madre e hija con la m\u00fasica de Otis Redding: \"I\u2019ve been love you too long\" cantada por Seal; y un pas de trois bailado al ritmo de Soulville del gran Horace Silver y cantada por D.D. Bridgewater titulado \"Gloves\u2019s Swing\".<\/p>\n<h3>2011<\/h3>\n<p>Ospite de la edici\u00f3n de 2011 (24-27 de febrero) de \"Danza in Feria\u201d International Trade &amp; Show dance Event.<\/p>\n<p>Su antiguo alumno Denny Lodi gana AMICI (en el canal 5 conducido por Maria De Filippi) en el sector danza, gan\u00f2 un contrato de trabajo de un a\u00f1o con la compa\u00f1\u00eda \u201cComplexions di Desmond Richardson\u201den Estados Unidos. Colabora a Flash Mob de Dacia Daster promocionando en las plazas italianas.<\/p>\n<p>2011, 26-27-28 noviembre es invita a la\u00a0 \"EXPO DANZA MILANO\" para dar algunas lecciones de Pilates.<\/p>\n<h3><strong>2012 <\/strong><\/h3>\n<p>de seguido tubo un stage\u00a0 de t\u00e9cnica Cunningham impartido por Cheryl Therrien. A Marzo, s\u00e1bado 10 y domingo 11 fu\u00e8 llamada por la Feria en Udine para el FSB 'SHOW para dar clases de Pilates. Contin\u00faa perfeccionando el conocimiento de Pilates con varios maestros como Stella y Angelica Monica Sfalanga para Matwork Pilates y la banda el\u00e1stica. Estudio m\u00e9todo \"Fletcher Pilates\" con Kyria Sabin, Gallito Cinzia y Maximiliano Stohr, el m\u00e9todo \"Gyrotonic Expansion System\" con Marco Batti, Cieri Cinzia y Elena Fioravanti. Se interesa por el m\u00e9todo \"C\u00f3digo Cuerpo\" siguientes conferencias, presentaciones y estudios asistiendo a clases con Pino Carbone y su personal. Volver a estudiar bajo Trahan Jolita para Network Int. Pilates. A Pordenone se da a un reconocimiento especial a la coreograf\u00eda y el Premio Talento (por sus dos bailarines Richard Noble y Spessot Thomas) con el de dos pasos \"Norte\", as\u00ed como una beca a 20 estudiantes de la escuela. Creaci\u00f3n de una colecci\u00f3n de camisetas dedicada a la danza y pilates con im\u00e1genes pintadas por Ornella Mastrogiovanni y frases escritas por ella misma. Public\u00f3 dos libros, el primero es una antolog\u00eda po\u00e9tica titulada \"viajes diferentes\", el segundo es una colecci\u00f3n de poes\u00eda titulado \"Vete po\u00e9tique.\"<\/p>\n<p>Desde septiembre 2012, trabaja en la \"Academia de Danza\" Crema vecino Milano de Denny Lodi.<\/p>\n<h3><\/h3>\n<h3>2015<\/h3>\n<p>Abril 2015 inaugura su nuevo estudio de la danza y Pilates en crema; Centro Superior de Artes del Espectaculo y CENTRO DE PILATE ITALIANO. Dentro del plan de estudios de Mar\u00eda ofrece a todos los suscriptores lecciones con INVITADOS externos como Anna Rita Larghi Brian Bullard y los bailarines de la compa\u00f1\u00eda de Ballet Cl\u00e1sico Cosi - Stefanescu. Para los cursos de teatro y el canto son ense\u00f1ados por Lorena Crepaldi.<\/p>\n<h3>2016<\/h3>\n<p>Ella est\u00e1 en la televisi\u00f3n en RAI2 con CASAMIKA como bailarina junto con otros nombres ilustres del Teatro alla Scala de Mil\u00e1n.<\/p>\n<p>Junto con Patrini Loris, es la creadora de las jornadas dedicadas al bienestar \"SIEMPRE puedes sentirte bien\".<\/p>\n<p>En 2016 se public\u00f3 su primer libro \"PILATES QUE PASION\". Redescubre tu bienestar con un completo programa de entrenamiento de Gremese International Editore ya traducido al franc\u00e9s. EN TODAS LAS LIBRER\u00ecAS y ONLINE.<br \/>\nSus workshop y presentaciones del libro \u201cPilates que Pasion\u201d son seguidos por numerosas clases y su libro es apreciado y amado como un texto efectivo tambi\u00e9n por la facultad de educaci\u00f3n f\u00edsica en general, convirti\u00e9ndose en un libro de estudio.<\/p>\n<p>Desde marzo de 2017 es Testimonio en QVS canal 32 DDT 475 SKY para el Reformer AeroPilates.<\/p>\n<h3>2019<\/h3>\n<p>En el 2019 vuelve a Crema, inaugurando un nuevo centro de Pilates en el centro hist\u00f3rico de la ciudad de Crema, en Plaza del Duomo llam\u00e1ndolo \"Qualit\u00e0 della\u00a0 Vita alle 4 vie\" \/ Calidad de la Vida a las 4 v\u00edas.<\/p>\n<h3>2020<\/h3>\n<p>Colabora desde septiembre del 2020 con \u201cMagica Musica\u201d, una conocida orquesta de personas con discapacidad, dirigida porPiero Lombardi y ganadora de la edici\u00f3n del programa \u201cTu si que vales\u201d de 2018.<\/p>\n<p>Agosto 2020 Promotora en el canal QVC de CUBII, producto americano para mantener la agilidad de las articulaciones del tren inferior.<\/p>\n<h3>2022<\/h3>\n<p>Team Building para Jointly, Milan<\/p>\n<h3>2023<\/h3>\n<p>International's Women Day 2023 Sigue cursos y talleres dedicados al pilates y al yoga para actualizarse sobre las nuevas t\u00e9cnicas de Pilates Dinamico<\/p>\n<h3>2024<\/h3>\n<p>Se inscrive al Conservatorio di Musica Nicolini de Piacenza, con especializaci\u00f3n en pianojazz<\/p>\n<div class=\"divider top\"><a href=\"#top\">top<\/a><\/div>\n<p><a href=\"http:\/\/www.mariacarbognin.com\/contatti\/\" class=\"button left\">Contatta Maria<\/a><\/p>","protected":false},"excerpt":{"rendered":"<p>Maria Carbognin &nbsp; Calificaciones Profesionales: Bailarina, Showgirl, Core\u00f3grafa, Directora De Arte, Pilates, Hatha Yoga. Profesor de:\u00a0Maestra del jazz moderno, jazz televisivo y musicales. Profesor de: Pilates y Hatha Yoga, personal training, t\u00e9cnico danzas art\u00edsticas F.I.D.S. sector Federal\u00a0(C.O.N.I.). 1980\/1981 , comenz\u00f3 su carrera art\u00edstica, asistiendo a la escuela de \u00abDanza Libera\u00bb m\u00e9todo Sajarov con Manuela De Lorenzi y m\u00e1s tarde con Monica Pacchin, los bailarines de la compa\u00f1\u00eda \u00abGRUPPO SPERIMENTALE di&#8230;<\/p>\n","protected":false},"author":1,"featured_media":0,"parent":0,"menu_order":0,"comment_status":"closed","ping_status":"closed","template":"","meta":[],"_links":{"self":[{"href":"http:\/\/mariacarbognin.com\/es\/wp-json\/wp\/v2\/pages\/13"}],"collection":[{"href":"http:\/\/mariacarbognin.com\/es\/wp-json\/wp\/v2\/pages"}],"about":[{"href":"http:\/\/mariacarbognin.com\/es\/wp-json\/wp\/v2\/types\/page"}],"author":[{"embeddable":true,"href":"http:\/\/mariacarbognin.com\/es\/wp-json\/wp\/v2\/users\/1"}],"replies":[{"embeddable":true,"href":"http:\/\/mariacarbognin.com\/es\/wp-json\/wp\/v2\/comments?post=13"}],"version-history":[{"count":15,"href":"http:\/\/mariacarbognin.com\/es\/wp-json\/wp\/v2\/pages\/13\/revisions"}],"predecessor-version":[{"id":1818,"href":"http:\/\/mariacarbognin.com\/es\/wp-json\/wp\/v2\/pages\/13\/revisions\/1818"}],"wp:attachment":[{"href":"http:\/\/mariacarbognin.com\/es\/wp-json\/wp\/v2\/media?parent=13"}],"curies":[{"name":"wp","href":"https:\/\/api.w.org\/{rel}","templated":true}]}}