{"id":19,"date":"2011-05-21T11:02:25","date_gmt":"2011-05-21T11:02:25","guid":{"rendered":"http:\/\/www.mariacarbognin.com\/?page_id=19"},"modified":"2019-01-12T14:30:13","modified_gmt":"2019-01-12T13:30:13","slug":"riconoscimenti","status":"publish","type":"page","link":"https:\/\/mariacarbognin.com\/es\/riconoscimenti\/","title":{"rendered":"Premios y Concursos"},"content":{"rendered":"<p><\/p>\n<h2><img loading=\"lazy\" class=\"size-full wp-image-160 alignnone\" title=\"Riconoscimenti\" src=\"http:\/\/www.mariacarbognin.com\/wp-content\/uploads\/2011\/02\/riconoscimenti-e1306055578636.jpg\" alt=\"\" width=\"524\" height=\"363\" \/><\/h2>\n<h2>1987<\/h2>\n<ul class=\"tick\">\n<li><strong>G\u00e9nova 1987<\/strong>: Finalista \"PREMIO BEATO ANGELICO\" con la coreograf\u00eda \"KILLER JOE\".<\/li>\n<\/ul>\n<h2>1990<\/h2>\n<ul class=\"tick\">\n<li><strong>Roma 1990<\/strong>: RAI 2 \"PONTE D\u2019ORO\" a la carrera por la coreograf\u00eda \"AMERIKA\".<\/li>\n<\/ul>\n<h2>1996<\/h2>\n<ul class=\"tick\">\n<li><strong>Castiglioncello 1996<\/strong> (LI): finalista en el concurso \"COREOGRAFIE D\u2019AUTORE\" (el tema) para el ballet con m\u00fasica de G. Rossini \"LA ROSSINIANA\".<\/li>\n<\/ul>\n<h2>1998<\/h2>\n<ul class=\"tick\">\n<li><strong>Roma 1998:<\/strong> finalista en el concurso \"A VOICE FOR EUROPE\" con la canci\u00f3n \"IO FACCIO MUSICA\".<\/li>\n<\/ul>\n<h2>1999<\/h2>\n<ul class=\"tick\">\n<li><strong>VIAREGGIO 1999<\/strong>: gan\u00f3 el 4 \u00ba puesto en el \"FESTIVAL DE VIAREGGIO\" con RADIO Italia cantando \"IL GIORNO DI FESTA\u201d<\/li>\n<li><strong>OSPEDALETTI<\/strong>: Conquista el 5 \u00ba puesto en el \"Festival de la canci\u00f3n en dialecto\", con\u00a0\"E\" PROPRIETA\u2019 PRIVATA QUESTO AMORE\"<\/li>\n<\/ul>\n<h2>2002<\/h2>\n<ul class=\"tick\">\n<li><strong>LODI 2002<\/strong>: finalista en el \"3 \u00ba RASSEGNA REGIONALE DELLE SCUOLE DI DANZA\", organizado por el TEATRO CARCANO de\u00a0Milan con la \u00a0coreograf\u00eda \u201cWHY NOT SWING\".<\/li>\n<\/ul>\n<h2>2010 - 2012<\/h2>\n<ul class=\"tick\">\n<li>Friuli Venezia Giulia Italia, Concursos Regi\u00f2n: sus coreograf\u00edas repetidamente conquistano el podio en las competiciones regionales.<\/li>\n<li>Pordenone 2012: Premio de Reconocimiento Especial a la coreograf\u00eda y el  talento con el paso dos \"Norte\". ESTUDIO DE LA BOLSA por 20 estudiantes  de la escuela.<\/li>\n<li>Ganadora de la edici\u00f3n 23 del Premio Nacional de Poes\u00eda Rosario Small 2012, Poetas Premio Especial de la Rep\u00fablica<strong> - <\/strong>po\u00e9tica Vette Carbognin Mar\u00eda para el poema \"Mi padre\".<\/li>\n<\/ul><\/p>","protected":false},"excerpt":{"rendered":"<p>1987 1990 1996 1998 1999 2002 2010 &#8211; 2012<\/p>\n","protected":false},"author":1,"featured_media":0,"parent":0,"menu_order":0,"comment_status":"closed","ping_status":"closed","template":"","meta":[],"_links":{"self":[{"href":"https:\/\/mariacarbognin.com\/es\/wp-json\/wp\/v2\/pages\/19"}],"collection":[{"href":"https:\/\/mariacarbognin.com\/es\/wp-json\/wp\/v2\/pages"}],"about":[{"href":"https:\/\/mariacarbognin.com\/es\/wp-json\/wp\/v2\/types\/page"}],"author":[{"embeddable":true,"href":"https:\/\/mariacarbognin.com\/es\/wp-json\/wp\/v2\/users\/1"}],"replies":[{"embeddable":true,"href":"https:\/\/mariacarbognin.com\/es\/wp-json\/wp\/v2\/comments?post=19"}],"version-history":[{"count":2,"href":"https:\/\/mariacarbognin.com\/es\/wp-json\/wp\/v2\/pages\/19\/revisions"}],"predecessor-version":[{"id":951,"href":"https:\/\/mariacarbognin.com\/es\/wp-json\/wp\/v2\/pages\/19\/revisions\/951"}],"wp:attachment":[{"href":"https:\/\/mariacarbognin.com\/es\/wp-json\/wp\/v2\/media?parent=19"}],"curies":[{"name":"wp","href":"https:\/\/api.w.org\/{rel}","templated":true}]}}