{"id":736,"date":"2012-09-10T17:53:58","date_gmt":"2012-09-10T17:53:58","guid":{"rendered":"http:\/\/www.mariacarbognin.com\/?page_id=736"},"modified":"2019-01-13T20:56:56","modified_gmt":"2019-01-13T19:56:56","slug":"libri","status":"publish","type":"page","link":"https:\/\/mariacarbognin.com\/es\/libri\/","title":{"rendered":"Libros y Discos"},"content":{"rendered":"<p><\/p>\n<h3>ANTOLOG\u00cdA DE POES\u00cdA<\/h3>\n<p>\"Viajes diFerentes\" ediciones 2012 P\u00e1ginas<\/p>\n<p><a href=\"http:\/\/www.mariacarbognin.com\/wp-content\/uploads\/2014\/08\/VIAGGI-DI-VERSI-copertina-ed-PAGINE.jpg\" rel=\"prettyPhoto\" title=\"\"><img loading=\"lazy\" class=\"size-thumbnail wp-image-863 alignleft\" title=\"VIAGGI DI VERSI copertina ed PAGINE\" src=\"http:\/\/www.mariacarbognin.com\/wp-content\/uploads\/2014\/08\/VIAGGI-DI-VERSI-copertina-ed-PAGINE-200x200.jpg\" alt=\"\" width=\"200\" height=\"200\" srcset=\"https:\/\/mariacarbognin.com\/wp-content\/uploads\/2014\/08\/VIAGGI-DI-VERSI-copertina-ed-PAGINE-200x200.jpg 200w, https:\/\/mariacarbognin.com\/wp-content\/uploads\/2014\/08\/VIAGGI-DI-VERSI-copertina-ed-PAGINE-55x55.jpg 55w\" sizes=\"(max-width: 200px) 100vw, 200px\" \/><\/a><a href=\"http:\/\/www.mariacarbognin.com\/wp-content\/uploads\/2014\/08\/4-poesie-PAGINE-EDITORE-VIAGGI-DI-VERSI.jpg\" rel=\"prettyPhoto\" title=\"\"><img loading=\"lazy\" class=\"size-thumbnail wp-image-864 alignnone\" title=\"4 poesie PAGINE EDITORE VIAGGI DI VERSI\" src=\"http:\/\/www.mariacarbognin.com\/wp-content\/uploads\/2014\/08\/4-poesie-PAGINE-EDITORE-VIAGGI-DI-VERSI-200x200.jpg\" alt=\"\" width=\"200\" height=\"200\" srcset=\"https:\/\/mariacarbognin.com\/wp-content\/uploads\/2014\/08\/4-poesie-PAGINE-EDITORE-VIAGGI-DI-VERSI-200x200.jpg 200w, https:\/\/mariacarbognin.com\/wp-content\/uploads\/2014\/08\/4-poesie-PAGINE-EDITORE-VIAGGI-DI-VERSI-55x55.jpg 55w\" sizes=\"(max-width: 200px) 100vw, 200px\" \/><\/a><\/p>\n<h3>COLECCI\u00d3N DE POES\u00cdA<\/h3>\n<p>\"Vette po\u00e9tico\" Magi Editor 2012<\/p>\n<p><a href=\"http:\/\/www.mariacarbognin.com\/wp-content\/uploads\/2014\/08\/VETTE-POETICHE-ed-MAGI-copertina.jpg\" rel=\"prettyPhoto\" title=\"\"><img loading=\"lazy\" class=\"alignleft size-thumbnail wp-image-867\" title=\"VETTE POETICHE ed MAGI copertina\" src=\"http:\/\/www.mariacarbognin.com\/wp-content\/uploads\/2014\/08\/VETTE-POETICHE-ed-MAGI-copertina-200x200.jpg\" alt=\"\" width=\"200\" height=\"200\" srcset=\"https:\/\/mariacarbognin.com\/wp-content\/uploads\/2014\/08\/VETTE-POETICHE-ed-MAGI-copertina-200x200.jpg 200w, https:\/\/mariacarbognin.com\/wp-content\/uploads\/2014\/08\/VETTE-POETICHE-ed-MAGI-copertina-55x55.jpg 55w\" sizes=\"(max-width: 200px) 100vw, 200px\" \/><\/a><a href=\"http:\/\/www.mariacarbognin.com\/wp-content\/uploads\/2014\/08\/A-MIO-PADRE-MAGI-EDITORE-VETTE-POETICHE-interno-poesia.jpg\" rel=\"prettyPhoto\" title=\"\"><img loading=\"lazy\" class=\"alignnone size-thumbnail wp-image-868\" title=\"A MIO PADRE MAGI EDITORE VETTE POETICHE interno poesia\" src=\"http:\/\/www.mariacarbognin.com\/wp-content\/uploads\/2014\/08\/A-MIO-PADRE-MAGI-EDITORE-VETTE-POETICHE-interno-poesia-200x200.jpg\" alt=\"\" width=\"200\" height=\"200\" srcset=\"https:\/\/mariacarbognin.com\/wp-content\/uploads\/2014\/08\/A-MIO-PADRE-MAGI-EDITORE-VETTE-POETICHE-interno-poesia-200x200.jpg 200w, https:\/\/mariacarbognin.com\/wp-content\/uploads\/2014\/08\/A-MIO-PADRE-MAGI-EDITORE-VETTE-POETICHE-interno-poesia-55x55.jpg 55w\" sizes=\"(max-width: 200px) 100vw, 200px\" \/><\/a><\/p>\n<p>Diciembre 2012 se ha publicado para la editorial Aletti la nueva colecci\u00f3n de poesias de amor intitulada \"Verr\u00e0 il mattino e avr\u00e0 un tuo verso\".<\/p>\n<p><a href=\"http:\/\/www.mariacarbognin.com\/wp-content\/uploads\/2014\/08\/verr\u00e0-il-mattino-e-avr\u00e0-un-tuo-verso-vol10-ALETTI-EDITORE.jpg\" rel=\"prettyPhoto\" title=\"\"><img loading=\"lazy\" class=\"alignleft size-thumbnail wp-image-870\" title=\"verr\u00e0 il mattino e avr\u00e0 un tuo verso vol10 ALETTI EDITORE\" src=\"http:\/\/www.mariacarbognin.com\/wp-content\/uploads\/2014\/08\/verr\u00e0-il-mattino-e-avr\u00e0-un-tuo-verso-vol10-ALETTI-EDITORE-200x200.jpg\" alt=\"\" width=\"200\" height=\"200\" srcset=\"https:\/\/mariacarbognin.com\/wp-content\/uploads\/2014\/08\/verr\u00e0-il-mattino-e-avr\u00e0-un-tuo-verso-vol10-ALETTI-EDITORE-200x200.jpg 200w, https:\/\/mariacarbognin.com\/wp-content\/uploads\/2014\/08\/verr\u00e0-il-mattino-e-avr\u00e0-un-tuo-verso-vol10-ALETTI-EDITORE-55x55.jpg 55w\" sizes=\"(max-width: 200px) 100vw, 200px\" \/><\/a><a href=\"http:\/\/www.mariacarbognin.com\/wp-content\/uploads\/2014\/08\/NON-VOGLIO-MORIRE-in-verr\u00e0-il-mattino...vol10-ALETTI-EDITORE.jpg\" rel=\"prettyPhoto\" title=\"\"><img loading=\"lazy\" class=\"alignnone size-thumbnail wp-image-871\" title=\"NON VOGLIO MORIRE in verr\u00e0 il mattino...vol10 ALETTI EDITORE\" src=\"http:\/\/www.mariacarbognin.com\/wp-content\/uploads\/2014\/08\/NON-VOGLIO-MORIRE-in-verr\u00e0-il-mattino...vol10-ALETTI-EDITORE-200x200.jpg\" alt=\"\" width=\"200\" height=\"200\" srcset=\"https:\/\/mariacarbognin.com\/wp-content\/uploads\/2014\/08\/NON-VOGLIO-MORIRE-in-verr\u00e0-il-mattino...vol10-ALETTI-EDITORE-200x200.jpg 200w, https:\/\/mariacarbognin.com\/wp-content\/uploads\/2014\/08\/NON-VOGLIO-MORIRE-in-verr\u00e0-il-mattino...vol10-ALETTI-EDITORE-55x55.jpg 55w\" sizes=\"(max-width: 200px) 100vw, 200px\" \/><\/a><\/p>\n<p>Con la poesia \"No quiero morir\" para el editor PAGINAS Agenda 2013 Oscar Wilde.<\/p>\n<p><a href=\"http:\/\/www.mariacarbognin.com\/wp-content\/uploads\/2014\/08\/AGENDA-2013-Oscar-Wilde-copertina.jpg\" rel=\"prettyPhoto\" title=\"\"><img loading=\"lazy\" class=\"alignleft size-thumbnail wp-image-873\" title=\"AGENDA 2013 Oscar Wilde copertina\" src=\"http:\/\/www.mariacarbognin.com\/wp-content\/uploads\/2014\/08\/AGENDA-2013-Oscar-Wilde-copertina-200x200.jpg\" alt=\"\" width=\"200\" height=\"200\" srcset=\"https:\/\/mariacarbognin.com\/wp-content\/uploads\/2014\/08\/AGENDA-2013-Oscar-Wilde-copertina-200x200.jpg 200w, https:\/\/mariacarbognin.com\/wp-content\/uploads\/2014\/08\/AGENDA-2013-Oscar-Wilde-copertina-55x55.jpg 55w\" sizes=\"(max-width: 200px) 100vw, 200px\" \/><\/a><a href=\"http:\/\/www.mariacarbognin.com\/wp-content\/uploads\/2014\/08\/AGENDA-2013-poesia-Diapositiva-in-bianco-e-nero.jpg\" rel=\"prettyPhoto\" title=\"\"><img loading=\"lazy\" class=\"alignnone size-thumbnail wp-image-874\" title=\"AGENDA 2013 poesia Diapositiva in bianco e nero\" src=\"http:\/\/www.mariacarbognin.com\/wp-content\/uploads\/2014\/08\/AGENDA-2013-poesia-Diapositiva-in-bianco-e-nero-200x200.jpg\" alt=\"\" width=\"200\" height=\"200\" srcset=\"https:\/\/mariacarbognin.com\/wp-content\/uploads\/2014\/08\/AGENDA-2013-poesia-Diapositiva-in-bianco-e-nero-200x200.jpg 200w, https:\/\/mariacarbognin.com\/wp-content\/uploads\/2014\/08\/AGENDA-2013-poesia-Diapositiva-in-bianco-e-nero-55x55.jpg 55w\" sizes=\"(max-width: 200px) 100vw, 200px\" \/><\/a><\/p>\n<p>LOS ANGELES DE LA POESIA yi CD musicas de Navidad MAGI ediction 2012<\/p>\n<p><a href=\"http:\/\/www.mariacarbognin.com\/wp-content\/uploads\/2014\/08\/NATALE-2012-libro-GLI-ANGELI-DELLA-POESIA-ed-MAGI.jpg\" rel=\"prettyPhoto\" title=\"\"><img loading=\"lazy\" class=\"alignleft size-thumbnail wp-image-877\" title=\"NATALE 2012 libro GLI ANGELI DELLA POESIA ed MAGI\" src=\"http:\/\/www.mariacarbognin.com\/wp-content\/uploads\/2014\/08\/NATALE-2012-libro-GLI-ANGELI-DELLA-POESIA-ed-MAGI-200x200.jpg\" alt=\"\" width=\"200\" height=\"200\" srcset=\"https:\/\/mariacarbognin.com\/wp-content\/uploads\/2014\/08\/NATALE-2012-libro-GLI-ANGELI-DELLA-POESIA-ed-MAGI-200x200.jpg 200w, https:\/\/mariacarbognin.com\/wp-content\/uploads\/2014\/08\/NATALE-2012-libro-GLI-ANGELI-DELLA-POESIA-ed-MAGI-55x55.jpg 55w\" sizes=\"(max-width: 200px) 100vw, 200px\" \/><\/a><a href=\"http:\/\/www.mariacarbognin.com\/wp-content\/uploads\/2014\/08\/NATALE-2012-poesia-a-pag.-27-gli-angeli-della-poesia-ed-MAGI.jpg\" rel=\"prettyPhoto\" title=\"\"><img loading=\"lazy\" class=\"alignleft size-thumbnail wp-image-878\" title=\"NATALE 2012 poesia a pag. 27 gli angeli della poesia ed MAGI\" src=\"http:\/\/www.mariacarbognin.com\/wp-content\/uploads\/2014\/08\/NATALE-2012-poesia-a-pag.-27-gli-angeli-della-poesia-ed-MAGI-200x200.jpg\" alt=\"\" width=\"200\" height=\"200\" srcset=\"https:\/\/mariacarbognin.com\/wp-content\/uploads\/2014\/08\/NATALE-2012-poesia-a-pag.-27-gli-angeli-della-poesia-ed-MAGI-200x200.jpg 200w, https:\/\/mariacarbognin.com\/wp-content\/uploads\/2014\/08\/NATALE-2012-poesia-a-pag.-27-gli-angeli-della-poesia-ed-MAGI-55x55.jpg 55w\" sizes=\"(max-width: 200px) 100vw, 200px\" \/><\/a><a href=\"http:\/\/www.mariacarbognin.com\/wp-content\/uploads\/2014\/08\/NATALE-2012-cover-CD-gli-angeli-della-poesia-ed-MAGI.jpg\" rel=\"prettyPhoto\" title=\"\"><img loading=\"lazy\" class=\"alignleft size-thumbnail wp-image-876\" title=\"NATALE 2012 cover CD gli angeli della poesia ed MAGI\" src=\"http:\/\/www.mariacarbognin.com\/wp-content\/uploads\/2014\/08\/NATALE-2012-cover-CD-gli-angeli-della-poesia-ed-MAGI-200x200.jpg\" alt=\"\" width=\"200\" height=\"200\" \/><\/a><a href=\"http:\/\/www.mariacarbognin.com\/wp-content\/uploads\/2014\/08\/NATALE-2012-CD-Gli-angeli-della-Poesia-ed-MAGI-musiche-natalizie.jpg\" rel=\"prettyPhoto\" title=\"\"><img loading=\"lazy\" class=\"alignnone size-thumbnail wp-image-875\" title=\"NATALE 2012 CD Gli angeli della Poesia ed MAGI musiche natalizie\" src=\"http:\/\/www.mariacarbognin.com\/wp-content\/uploads\/2014\/08\/NATALE-2012-CD-Gli-angeli-della-Poesia-ed-MAGI-musiche-natalizie-200x200.jpg\" alt=\"\" width=\"200\" height=\"200\" srcset=\"https:\/\/mariacarbognin.com\/wp-content\/uploads\/2014\/08\/NATALE-2012-CD-Gli-angeli-della-Poesia-ed-MAGI-musiche-natalizie-200x200.jpg 200w, https:\/\/mariacarbognin.com\/wp-content\/uploads\/2014\/08\/NATALE-2012-CD-Gli-angeli-della-Poesia-ed-MAGI-musiche-natalizie-430x430.jpg 430w, https:\/\/mariacarbognin.com\/wp-content\/uploads\/2014\/08\/NATALE-2012-CD-Gli-angeli-della-Poesia-ed-MAGI-musiche-natalizie-1024x1024.jpg 1024w, https:\/\/mariacarbognin.com\/wp-content\/uploads\/2014\/08\/NATALE-2012-CD-Gli-angeli-della-Poesia-ed-MAGI-musiche-natalizie-55x55.jpg 55w, https:\/\/mariacarbognin.com\/wp-content\/uploads\/2014\/08\/NATALE-2012-CD-Gli-angeli-della-Poesia-ed-MAGI-musiche-natalizie-524x524.jpg 524w, https:\/\/mariacarbognin.com\/wp-content\/uploads\/2014\/08\/NATALE-2012-CD-Gli-angeli-della-Poesia-ed-MAGI-musiche-natalizie.jpg 1417w\" sizes=\"(max-width: 200px) 100vw, 200px\" \/><\/a><\/p>\n<p>QUI IO TI ASPETTER\u00d2 Butterfly Edizioni <span id=\"result_box\" class=\"short_text\" lang=\"es\"><span class=\"hps\">junio<\/span><\/span> 2014<\/p>\n<p><a href=\"http:\/\/www.mariacarbognin.com\/wp-content\/uploads\/2016\/01\/volantino-libro-jpg.jpg\" rel=\"prettyPhoto\" title=\"\"><img loading=\"lazy\" class=\"alignleft wp-image-930 size-thumbnail\" src=\"http:\/\/www.mariacarbognin.com\/wp-content\/uploads\/2016\/01\/volantino-libro-jpg-200x200.jpg\" alt=\"\" width=\"200\" height=\"200\" srcset=\"https:\/\/mariacarbognin.com\/wp-content\/uploads\/2016\/01\/volantino-libro-jpg-200x200.jpg 200w, https:\/\/mariacarbognin.com\/wp-content\/uploads\/2016\/01\/volantino-libro-jpg-55x55.jpg 55w\" sizes=\"(max-width: 200px) 100vw, 200px\" \/><\/a><a href=\"http:\/\/www.mariacarbognin.com\/wp-content\/uploads\/2016\/01\/copertina-LIBRO-def.jpg\" rel=\"prettyPhoto\" title=\"\"><img loading=\"lazy\" class=\"alignleft wp-image-926 size-thumbnail\" src=\"http:\/\/www.mariacarbognin.com\/wp-content\/uploads\/2016\/01\/copertina-LIBRO-def-200x200.jpg\" alt=\"\" width=\"200\" height=\"200\" srcset=\"https:\/\/mariacarbognin.com\/wp-content\/uploads\/2016\/01\/copertina-LIBRO-def-200x200.jpg 200w, https:\/\/mariacarbognin.com\/wp-content\/uploads\/2016\/01\/copertina-LIBRO-def-55x55.jpg 55w\" sizes=\"(max-width: 200px) 100vw, 200px\" \/><\/a><a href=\"http:\/\/www.mariacarbognin.com\/wp-content\/uploads\/2016\/01\/QUI-IO-TI-ASPETTERO-uscito-15-giugno-2014-24.jpg\" rel=\"prettyPhoto\" title=\"\"><img loading=\"lazy\" class=\"alignleft wp-image-927 size-thumbnail\" src=\"http:\/\/www.mariacarbognin.com\/wp-content\/uploads\/2016\/01\/QUI-IO-TI-ASPETTERO-uscito-15-giugno-2014-24-200x200.jpg\" alt=\"\" width=\"200\" height=\"200\" srcset=\"https:\/\/mariacarbognin.com\/wp-content\/uploads\/2016\/01\/QUI-IO-TI-ASPETTERO-uscito-15-giugno-2014-24-200x200.jpg 200w, https:\/\/mariacarbognin.com\/wp-content\/uploads\/2016\/01\/QUI-IO-TI-ASPETTERO-uscito-15-giugno-2014-24-55x55.jpg 55w\" sizes=\"(max-width: 200px) 100vw, 200px\" \/><\/a><a href=\"http:\/\/www.mariacarbognin.com\/wp-content\/uploads\/2016\/01\/QUI-IO-TI-ASPETTERO-uscito-15-giugno-2014-57.jpg\" rel=\"prettyPhoto\" title=\"\"><img loading=\"lazy\" class=\"alignleft wp-image-928 size-thumbnail\" src=\"http:\/\/www.mariacarbognin.com\/wp-content\/uploads\/2016\/01\/QUI-IO-TI-ASPETTERO-uscito-15-giugno-2014-57-200x200.jpg\" alt=\"\" width=\"200\" height=\"200\" srcset=\"https:\/\/mariacarbognin.com\/wp-content\/uploads\/2016\/01\/QUI-IO-TI-ASPETTERO-uscito-15-giugno-2014-57-200x200.jpg 200w, https:\/\/mariacarbognin.com\/wp-content\/uploads\/2016\/01\/QUI-IO-TI-ASPETTERO-uscito-15-giugno-2014-57-55x55.jpg 55w\" sizes=\"(max-width: 200px) 100vw, 200px\" \/><\/a><a href=\"http:\/\/www.mariacarbognin.com\/wp-content\/uploads\/2016\/01\/QUI-IO-TI-ASPETTERO-uscito-15-giugno-2014-58.jpg\" rel=\"prettyPhoto\" title=\"\"><img loading=\"lazy\" class=\"wp-image-929 size-thumbnail alignnone\" src=\"http:\/\/www.mariacarbognin.com\/wp-content\/uploads\/2016\/01\/QUI-IO-TI-ASPETTERO-uscito-15-giugno-2014-58-200x200.jpg\" alt=\"\" width=\"200\" height=\"200\" srcset=\"https:\/\/mariacarbognin.com\/wp-content\/uploads\/2016\/01\/QUI-IO-TI-ASPETTERO-uscito-15-giugno-2014-58-200x200.jpg 200w, https:\/\/mariacarbognin.com\/wp-content\/uploads\/2016\/01\/QUI-IO-TI-ASPETTERO-uscito-15-giugno-2014-58-55x55.jpg 55w\" sizes=\"(max-width: 200px) 100vw, 200px\" \/><\/a><\/p>\n<h4><a href=\"http:\/\/www.mariacarbognin.com\/wp-content\/uploads\/2011\/05\/1-Carillon-da-DVD-Pilates-vol-1.mp3\">Carillon da DVD Pilates vol 1<\/a><\/h4>\n<h4><a href=\"http:\/\/www.mariacarbognin.com\/wp-content\/uploads\/2011\/05\/2-Looking-in-my-soul-da-DVD-Pilates-vol-1.mp3\">Looking in my soul da DVD Pilates vol 1<\/a><\/h4>\n<h4><a href=\"http:\/\/www.mariacarbognin.com\/wp-content\/uploads\/2011\/05\/3-Marys-waltz-da-DVD-Pilates-vol-1.mp3\">Marys waltz da DVD Pilates vol 1<\/a><\/h4>\n<h4><a href=\"http:\/\/www.mariacarbognin.com\/wp-content\/uploads\/2011\/05\/4-My-anxiety-da-DVD-Pilates-vol-1.mp3\">My anxiety da DVD Pilates vol 1<\/a><\/h4>\n<h4><a href=\"http:\/\/www.mariacarbognin.com\/wp-content\/uploads\/2011\/05\/5-Please-dance-with-me-da-DVD-Pilates-vol-1.mp3\">Please dance with me da DVD Pilates vol 1<\/a><\/h4>\n<h4><a href=\"http:\/\/www.mariacarbognin.com\/wp-content\/uploads\/2011\/05\/6-Bla-bla.mp3\">Bla bla<\/a><\/h4>\n<h4><a href=\"http:\/\/www.mariacarbognin.com\/wp-content\/uploads\/2011\/05\/7-Dove-sara-quel-tipo.mp3\">Dove sara quel tipo<\/a><\/h4>\n<h4><a href=\"http:\/\/www.mariacarbognin.com\/wp-content\/uploads\/2011\/05\/8-Mille-lune-dal-singolo-omonimo-del-2001.mp3\">Mille lune dal singolo omonimo del 2001<\/a><\/h4>\n<h4><a href=\"http:\/\/www.mariacarbognin.com\/wp-content\/uploads\/2011\/05\/9-Capita-cosi.mp3\">Capita cosi<\/a><\/h4>\n<h4><a href=\"http:\/\/www.mariacarbognin.com\/wp-content\/uploads\/2011\/05\/10-Giorno-di-festa.mp3\">Giorno di festa<\/a><\/h4>\n<h4><a href=\"http:\/\/www.mariacarbognin.com\/wp-content\/uploads\/2011\/05\/11-Spegni-la-luce.mp3\">Spegni la luce<\/a><\/h4>\n<h4><a href=\"http:\/\/www.mariacarbognin.com\/wp-content\/uploads\/2011\/05\/12-Io-faccio-musica-dal-CD-Big-del-domani-vol-12-anno-2000-musica-di-Daniele-di-Gregorio.mp3\">Io faccio musica - CD Big del domani vol 12 (2000) musica di Daniele di Gregorio<\/a><\/h4>\n<h4><a href=\"http:\/\/www.mariacarbognin.com\/wp-content\/uploads\/2011\/05\/13-Child-dal-CD-Change-meeting.mp3\">Child dal CD Change meeting<\/a><\/h4>\n<h4><a href=\"http:\/\/www.mariacarbognin.com\/wp-content\/uploads\/2011\/05\/14-29-29-june-night-arrangiato-da-Stefano-Olivato.mp3\">28-29 june night arrangiato da Stefano Olivato<\/a><\/h4>\n<h4><a href=\"http:\/\/www.mariacarbognin.com\/wp-content\/uploads\/2011\/05\/15-My-present-for-your-ballad-dal-CD-Huahine-2005-sax-Gigi-Sella.mp3\">My present for your ballad dal CD Huahine 2005 sax Gigi Sella<\/a><\/h4>\n<h4><a href=\"http:\/\/www.mariacarbognin.com\/wp-content\/uploads\/2011\/05\/16-Looking-in-my-soul.mp3\">Looking in my soul<\/a><\/h4>\n<h4><a href=\"http:\/\/www.mariacarbognin.com\/wp-content\/uploads\/2014\/08\/dal-CD-GIOIA-my-anxiety-on-the-keys-di-Maria-Carbognin-pianoforte-FRANCA-BERTOLI-CIVIDINO-violoncello-LUCA-CIVIDINO.mp3\">Dal CD GIOIA, my anxiety on the keys di Maria Carbognin pianoforte FRANCA BERTOLI CIVIDINO violoncello LUCA CIVIDINO<\/a><\/h4>\n<h4><a href=\"http:\/\/www.mariacarbognin.com\/wp-content\/uploads\/2014\/08\/dal-CD-GIOIA-My-present-for-your-ballad-di-Maria-Carbognin-piano-e-rhodes-MARIO-ZARA-flicorno-GIANNI-SATTA-basso-elettrico-GIACOMO-LAMPUGNANI-batteria-STEFANO-RESCA.mp3\">Dal CD GIOIA, My present for your ballad di Maria Carbognin piano e rhodes MARIO ZARA flicorno GIANNI SATTA basso elettrico GIACOMO LAMPUGNANI batteria STEFANO RESCA<\/a><\/h4>\n<h4><a href=\"http:\/\/www.mariacarbognin.com\/wp-content\/uploads\/2014\/08\/dal-CD-GIOIA-of-course-di-Maria-Carbognin-piano-e-rhodes-MARIO-ZARA-flicorno-GIANNI-SATTA-basso-elettrico-GIACOMO-LAMPUGNANI-batteria-STEFANO-RESCA.mp3\">dal CD GIOIA, of course di Maria Carbognin piano e rhodes MARIO ZARA flicorno GIANNI SATTA basso elettrico GIACOMO LAMPUGNANI batteria STEFANO RESCA<\/a><\/h4>\n<h4>Gioia 2014 m\u00fasica y poes\u00eda acompa\u00f1a el libro \"Aqu\u00ed yo te esperar\u00e8\"<\/h4>\n<p><\/p>","protected":false},"excerpt":{"rendered":"<p>ANTOLOG\u00cdA DE POES\u00cdA \u00abViajes diFerentes\u00bb ediciones 2012 P\u00e1ginas COLECCI\u00d3N DE POES\u00cdA \u00abVette po\u00e9tico\u00bb Magi Editor 2012 Diciembre 2012 se ha publicado para la editorial Aletti la nueva colecci\u00f3n de poesias de amor intitulada \u00abVerr\u00e0 il mattino e avr\u00e0 un tuo verso\u00bb. Con la poesia \u00abNo quiero morir\u00bb para el editor PAGINAS Agenda 2013 Oscar Wilde. LOS ANGELES DE LA POESIA yi CD musicas de Navidad MAGI ediction 2012 QUI IO&#8230;<\/p>\n","protected":false},"author":3,"featured_media":0,"parent":0,"menu_order":0,"comment_status":"closed","ping_status":"closed","template":"","meta":[],"_links":{"self":[{"href":"https:\/\/mariacarbognin.com\/es\/wp-json\/wp\/v2\/pages\/736"}],"collection":[{"href":"https:\/\/mariacarbognin.com\/es\/wp-json\/wp\/v2\/pages"}],"about":[{"href":"https:\/\/mariacarbognin.com\/es\/wp-json\/wp\/v2\/types\/page"}],"author":[{"embeddable":true,"href":"https:\/\/mariacarbognin.com\/es\/wp-json\/wp\/v2\/users\/3"}],"replies":[{"embeddable":true,"href":"https:\/\/mariacarbognin.com\/es\/wp-json\/wp\/v2\/comments?post=736"}],"version-history":[{"count":7,"href":"https:\/\/mariacarbognin.com\/es\/wp-json\/wp\/v2\/pages\/736\/revisions"}],"predecessor-version":[{"id":1550,"href":"https:\/\/mariacarbognin.com\/es\/wp-json\/wp\/v2\/pages\/736\/revisions\/1550"}],"wp:attachment":[{"href":"https:\/\/mariacarbognin.com\/es\/wp-json\/wp\/v2\/media?parent=736"}],"curies":[{"name":"wp","href":"https:\/\/api.w.org\/{rel}","templated":true}]}}